{"id":162,"date":"2025-08-03T10:18:44","date_gmt":"2025-08-03T10:18:44","guid":{"rendered":"https:\/\/zaertling.de\/?page_id=162"},"modified":"2025-08-03T11:53:13","modified_gmt":"2025-08-03T11:53:13","slug":"impressum","status":"publish","type":"page","link":"https:\/\/zaertling.de\/?page_id=162","title":{"rendered":"Impressum"},"content":{"rendered":"\t\t<div data-elementor-type=\"wp-page\" data-elementor-id=\"162\" class=\"elementor elementor-162\">\n\t\t\t\t<div class=\"elementor-element elementor-element-d336bef e-flex e-con-boxed e-con e-parent\" data-id=\"d336bef\" data-element_type=\"container\" data-e-type=\"container\">\n\t\t\t\t\t<div class=\"e-con-inner\">\n\t\t<div class=\"elementor-element elementor-element-de75bab e-con-full e-flex e-con e-child\" data-id=\"de75bab\" data-element_type=\"container\" data-e-type=\"container\">\n\t\t\t\t<div class=\"elementor-element elementor-element-0e96060 elementor-view-default elementor-widget elementor-widget-icon\" data-id=\"0e96060\" data-element_type=\"widget\" data-e-type=\"widget\" data-widget_type=\"icon.default\">\n\t\t\t\t<div class=\"elementor-widget-container\">\n\t\t\t\t\t\t\t<div class=\"elementor-icon-wrapper\">\n\t\t\t<a class=\"elementor-icon\" href=\"https:\/\/zaertling.de\/\">\n\t\t\t<svg xmlns=\"http:\/\/www.w3.org\/2000\/svg\" id=\"Layer_2\" data-name=\"Layer 2\" viewBox=\"0 0 2000 2000.01\"><defs><style>      .cls-1 {        fill: #fa1a8e;      }    <\/style><\/defs><g id=\"Isolationsmodus\"><path class=\"cls-1\" d=\"M707.24,247.6c-6.23,0-11.27-5.05-11.27-11.27s5.05-11.27,11.27-11.27,11.27,5.05,11.27,11.27-5.05,11.27-11.27,11.27ZM594.69,1685.28c3.19-.46,36.66-5.85,50.77-34.07,3.51-7.01,4.96-13.72,5.54-19.05.92-.86,1.74-1.85,2.43-2.97,4.22-6.87,2.07-15.86-4.8-20.08-6.87-4.22-15.86-2.07-20.08,4.8s-2.07,15.86,4.8,20.08c1.81,1.11,3.76,1.77,5.74,2.03-1.4,4.22-3.97,10.1-8.84,15.64-12.77,14.55-31.5,15.6-36.48,15.66-35.11.44-57.52-41.24-59.11-44.28-20.05-38.52-5.13-78.35-2.29-85.85,3.83-10.1,16.49-39.12,56.57-65.2,129.48-84.24,393.46-39.03,425.9-33.2,45.73,8.21,113.89,22.89,195.28,50.36,44.44-79.36,88.89-158.71,133.33-238.07-8.35-4.35-16.69-8.7-25.04-13.05-18.27,23.2-36.53,46.41-54.8,69.61-66.34-27.17-159.26-57.23-273.4-70.51-102.91-11.97-191.58-6.65-258.38,2.35-20.56,1.07-63.66,5.48-109.81,28.59,69.9-88.86,148.63-163.36,235.06-222.27,5.06-3.45,10.02-6.75,14.89-9.95,84.52.09,169.03.18,253.55.27,5.97-8.94,11.95-17.88,17.92-26.83h-394.04c-5.82,8.8-11.63,17.6-17.45,26.4,29.64.03,59.29.06,88.93.1-45.2,32.45-88.45,69.21-128.82,109.52-57.03,56.94-110.07,122.58-157.79,195.28-63.19,83.44-54.88,183.98-54.27,199.24.54,13.57,4.03,65.23,37.95,105.55,7.05,7.01,16.16,14.97,27.53,22.69,11.05,7.51,21.52,12.93,30.44,16.87,5.86,1.07,12.11,1.3,18.75.34ZM1319.9,270.05c-3.2.46-36.66,5.85-50.77,34.07-4.52,9.05-5.64,17.6-5.86,23.32h0c-4.22,6.87-2.07,15.86,4.8,20.08s15.86,2.07,20.08-4.8c4.22-6.87,2.07-15.86-4.8-20.08-2.71-1.67-5.76-2.32-8.71-2.1.19-.12.38-.23.57-.35,1.33-4.26,3.91-10.58,9.12-16.52,12.77-14.55,31.5-15.6,36.48-15.66,35.11-.44,57.52,41.24,59.11,44.28,20.05,38.52,5.13,78.35,2.29,85.85-3.83,10.1-16.49,39.12-56.57,65.2-129.48,84.24-393.46,39.03-425.9,33.2-45.73-8.21-113.89-22.89-195.29-50.36-44.44,79.36-88.89,158.71-133.33,238.07,8.35,4.35,16.69,8.7,25.04,13.05,18.27-23.2,36.53-46.41,54.8-69.61,64.23,27.39,157.47,58.75,273.4,70.51,140.81,14.29,256.89-6.25,331.23-25.57,7.17-.9,17.41-2.64,29.28-6.33-55.72,67.59-118.44,127.47-187.36,178.75-3.07,2.28-6.09,4.5-9.08,6.67-82.65-.09-165.29-.18-247.94-.27-23.99,36.3-47.97,72.6-71.96,108.91h394.26c24.16-36.16,48.31-72.32,72.47-108.48-32.96-.04-65.93-.07-98.89-.11,85.52-67.05,161.27-147.3,225.64-239.07,1.9-2.58,3.75-5.26,5.57-8.02,2.62-3.8,5.22-7.61,7.8-11.45l-.52-.35c40.56-70.15,60.43-179.53,59.71-197.37-.6-14.88-4.72-75.56-48.64-116.87-4.82-4.53-11.13-10.46-18.82-15.79-2.86-2.03-6.34-4.22-10.46-6.27-4.32-2.15-8.34-3.65-11.81-4.71-7.58-2.22-15.9-3.12-24.94-1.81ZM849.43,367.73l65.52,65.52,64.47-64.47-65.52-65.52-64.47,64.47ZM1999.41,965.9c-2.26-66.27-11.07-132.35-26.19-196.43-14.76-62.57-35.71-123.97-62.27-182.49-26.06-57.43-57.79-112.7-94.3-164.28-36.12-51.02-77.28-98.93-122.34-142.39-45.01-43.42-94.33-82.81-146.58-117.06-52.74-34.58-108.98-64.26-167.16-88.23-59.22-24.4-121.09-43.13-183.87-55.67C1132.45,6.51,1066.46,0,1000.56,0v134.6c.52,0,1.04,0,1.55,0h.07c56.93,0,113.91,5.62,169.36,16.7,54.13,10.82,107.47,26.97,158.54,48.01,50.2,20.68,98.74,46.3,144.27,76.15,45.14,29.59,87.75,63.62,126.64,101.14,38.92,37.55,74.48,78.93,105.68,123,31.52,44.52,58.9,92.21,81.38,141.75,22.9,50.46,40.96,103.41,53.69,157.36,13.05,55.32,20.66,112.42,22.62,169.72,2,58.52-1.9,117.21-11.6,174.44-9.45,55.79-24.51,110.87-44.76,163.7-19.88,51.87-44.96,102.09-74.55,149.28-29.3,46.73-63.27,90.89-100.98,131.26-37.7,40.37-79.45,77.27-124.07,109.69-45.06,32.73-93.46,61.18-143.85,84.55-51.33,23.8-105.25,42.58-160.27,55.81-56.44,13.57-114.73,21.46-173.25,23.46-9.95.34-20.03.51-29.96.51-56.93,0-113.92-5.62-169.37-16.7-54.13-10.82-107.48-26.97-158.55-48-50.21-20.68-98.75-46.3-144.28-76.15-45.14-29.59-87.76-63.62-126.65-101.14-38.93-37.55-74.49-78.93-105.69-123-31.52-44.52-58.9-92.21-81.38-141.76-22.9-50.46-40.96-103.41-53.69-157.36-13.05-55.32-20.66-112.43-22.62-169.73-2-58.52,1.9-117.21,11.6-174.44,9.45-55.79,24.51-110.87,44.76-163.7,19.88-51.87,44.96-102.09,74.55-149.28,29.3-46.73,63.27-90.89,100.98-131.26,37.7-40.37,79.45-77.27,124.07-109.69,45.06-32.73,93.46-61.18,143.85-84.55,51.33-23.81,105.25-42.58,160.27-55.81,56.44-13.57,114.73-21.46,173.25-23.46,9.41-.32,18.95-.49,28.39-.5V0h-.07c-11.5,0-23.14.2-34.59.59-67.68,2.31-135.14,11.45-200.51,27.17-63.81,15.34-126.35,37.12-185.88,64.73-58.41,27.09-114.49,60.05-166.69,97.98-51.66,37.53-99.98,80.25-143.61,126.96-43.64,46.72-82.96,97.84-116.88,151.94-34.28,54.67-63.34,112.87-86.38,172.99-23.49,61.27-40.95,125.15-51.91,189.86C2.8,898.49-1.72,966.43.59,1034.11c2.26,66.27,11.07,132.36,26.19,196.43,14.76,62.57,35.72,123.97,62.27,182.5,26.06,57.43,57.79,112.7,94.31,164.28,36.13,51.02,77.29,98.93,122.34,142.39,45.02,43.42,94.34,82.8,146.59,117.06,52.74,34.57,108.99,64.26,167.17,88.22,59.23,24.4,121.09,43.13,183.88,55.67,64.26,12.84,130.25,19.35,196.15,19.35,11.48,0,23.12-.2,34.6-.59,67.68-2.31,135.14-11.45,200.51-27.17,63.81-15.34,126.35-37.12,185.88-64.73,58.41-27.09,114.49-60.05,166.69-97.98,51.66-37.53,99.98-80.25,143.61-126.97,43.64-46.72,82.96-97.84,116.88-151.93,34.28-54.67,63.34-112.87,86.38-172.99,23.49-61.27,40.95-125.15,51.91-189.86,11.22-66.29,15.75-134.22,13.44-201.9ZM973.15,164.04c9.15-.31,18.32-.47,27.41-.49v30.95s0-30.95,0-30.95c.52,0,1.04,0,1.56,0,447.65-.03,817.92,355.03,833.31,805.86,15.71,460.51-344.86,846.56-805.37,862.28-9.67.33-19.37.49-28.97.49-447.65,0-817.92-355.03-833.31-805.87-15.71-460.51,344.86-846.56,805.37-862.28ZM1000.5,194.5c-9.27,0-18.63.16-27.97.48-444.6,15.17-792.73,387.89-777.55,832.49,8.67,254.09,134.11,476.65,323,617.91,1.7,1.69,3.91,3.82,6.55,6.21,2.94,2.66,6.94,6.11,11.87,9.9,5.98,4.59,13.67,9.94,23.03,15.19,4.33,2.43,9.88,5.32,16.52,8.26,49.21,30.51,120.27,67.25,211.04,92.1,67.81,18.57,139.09,28.46,212.52,28.46,9.27,0,18.63-.16,27.97-.48,444.6-15.17,792.73-387.89,777.56-832.5-10.33-302.67-186.33-560.63-437.92-689.69-6.47-4.48-13.91-8.53-22.27-10.98-104.64-49.66-221.47-77.37-344.34-77.36ZM1150.57,360.9l-65.52-65.52-64.47,64.47,65.52,65.52,64.47-64.47Z\"><\/path><\/g><\/svg>\t\t\t<\/a>\n\t\t<\/div>\n\t\t\t\t\t\t<\/div>\n\t\t\t\t<\/div>\n\t\t\t\t<\/div>\n\t\t\t\t\t<\/div>\n\t\t\t\t<\/div>\n\t\t<div class=\"elementor-element elementor-element-52b51d2d e-flex e-con-boxed e-con e-parent\" data-id=\"52b51d2d\" data-element_type=\"container\" data-e-type=\"container\">\n\t\t\t\t\t<div class=\"e-con-inner\">\n\t\t<div class=\"elementor-element elementor-element-f3aa6bf e-con-full e-flex e-con e-child\" data-id=\"f3aa6bf\" data-element_type=\"container\" data-e-type=\"container\">\n\t\t\t\t<div class=\"elementor-element elementor-element-483cb1e animated-fast elementor-widget elementor-widget-image\" data-id=\"483cb1e\" data-element_type=\"widget\" data-e-type=\"widget\" data-settings=\"{&quot;_animation&quot;:&quot;none&quot;}\" data-widget_type=\"image.default\">\n\t\t\t\t<div class=\"elementor-widget-container\">\n\t\t\t\t\t\t\t\t\t\t\t\t\t\t\t<img fetchpriority=\"high\" decoding=\"async\" width=\"1024\" height=\"341\" src=\"https:\/\/zaertling.de\/wp-content\/uploads\/2025\/08\/Asset-1.svg\" class=\"attachment-large size-large wp-image-187\" alt=\"\" \/>\t\t\t\t\t\t\t\t\t\t\t\t\t\t\t<\/div>\n\t\t\t\t<\/div>\n\t\t\t\t<\/div>\n\t\t<div class=\"elementor-element elementor-element-2fc7d03 e-con-full e-flex e-con e-child\" data-id=\"2fc7d03\" data-element_type=\"container\" data-e-type=\"container\">\n\t\t\t\t<div class=\"elementor-element elementor-element-4399395 elementor-widget elementor-widget-heading\" data-id=\"4399395\" data-element_type=\"widget\" data-e-type=\"widget\" data-widget_type=\"heading.default\">\n\t\t\t\t<div class=\"elementor-widget-container\">\n\t\t\t\t\t<h2 class=\"elementor-heading-title elementor-size-default\">Impressum<\/h2>\t\t\t\t<\/div>\n\t\t\t\t<\/div>\n\t\t\t\t<div class=\"elementor-element elementor-element-7d74fdb elementor-widget elementor-widget-text-editor\" data-id=\"7d74fdb\" data-element_type=\"widget\" data-e-type=\"widget\" data-widget_type=\"text-editor.default\">\n\t\t\t\t<div class=\"elementor-widget-container\">\n\t\t\t\t\t\t\t\t\t<h4><strong>Angaben gem\u00e4\u00df \u00a7 5 TMG<\/strong><\/h4><p>Sandra Drews<br \/>Steinmetzstra\u00dfe 5<br \/>30163 Hannover<\/p><h4><strong>Kontakt<\/strong><\/h4><p>Telefon: +49 (0) 511 67 68 802<br \/>E-Mail: sandra.drews@ymail.com<\/p><h4>Streitschlichtung<\/h4><p>Die Europ\u00e4ische Kommission stellt eine Plattform zur Online-Streitbeilegung (OS)<br \/>bereit: https:\/\/ec.europa.eu\/consumers\/odr\/.<br \/>Meine E-Mail-Adresse finden Sie oben im Impressum.<br \/>Ich bin nicht bereit oder verpflichtet, an Streitbeilegungsverfahren vor einer<br \/>Verbraucherschlichtungsstelle teilzunehmen.<\/p><h4>Haftung f\u00fcr Inhalte<\/h4><p>Die Inhalte meiner Seiten wurden mit gr\u00f6\u00dfter Sorgfalt erstellt. F\u00fcr die Richtigkeit, Vollst\u00e4ndigkeit<br \/>und Aktualit\u00e4t der Inhalte kann ich jedoch keine Gew\u00e4hr \u00fcbernehmen. Als Diensteanbieter bin ich<br \/>gem\u00e4\u00df \u00a7 7 Abs.1 TMG f\u00fcr eigene Inhalte auf diesen Seiten nach den allgemeinen Gesetzen<br \/>verantwortlich. Nach \u00a7\u00a7 8 bis 10 TMG bin ich als Diensteanbieter jedoch nicht verpflichtet,<br \/>\u00fcbermittelte oder gespeicherte fremde Informationen zu \u00fcberwachen oder nach Umst\u00e4nden zu<br \/>forschen, die auf eine rechtswidrige T\u00e4tigkeit hinweisen. Verpflichtungen zur Entfernung oder<br \/>Sperrung der Nutzung von Informationen nach den allgemeinen Gesetzen bleiben hiervon<br \/>unber\u00fchrt. Eine diesbez\u00fcgliche Haftung ist jedoch erst ab dem Zeitpunkt der Kenntnis einer<br \/>konkreten Rechtsverletzung m\u00f6glich. Bei Bekanntwerden von entsprechenden Rechtsverletzungen<br \/>werde ich diese Inhalte umgehend entfernen.<\/p><h4>Haftung f\u00fcr Links<\/h4><p>Meine Seite enth\u00e4lt ggf. Links zu externen Webseiten Dritter, auf deren Inhalte ich keinen Einfluss<br \/>habe. Deshalb kann ich f\u00fcr diese fremden Inhalte auch keine Gew\u00e4hr \u00fcbernehmen. F\u00fcr die Inhalte<br \/>der verlinkten Seiten ist stets der jeweilige Anbieter oder Betreiber der Seiten verantwortlich. Bei<br \/>Bekanntwerden von Rechtsverletzungen werde ich derartige Links umgehend entfernen.<\/p><h4>Urheberrecht<\/h4><p>Die durch die Seitenbetreiberin erstellten Inhalte und Werke auf diesen Seiten unterliegen dem<br \/>deutschen Urheberrecht. Die Vervielf\u00e4ltigung, Bearbeitung, Verbreitung und jede Art der<br \/>Verwertung au\u00dferhalb der Grenzen des Urheberrechtes bed\u00fcrfen der schriftlichen Zustimmung des<br \/>jeweiligen Autors bzw. Erstellers. Downloads und Kopien dieser Seite sind nur f\u00fcr den privaten,<br \/>nicht kommerziellen Gebrauch gestattet. Soweit die Inhalte auf dieser Seite nicht vom Betreiber<br \/>erstellt wurden, werden die Urheberrechte Dritter beachtet. Insbesondere werden Inhalte Dritter als<br \/>solche gekennzeichnet. Sollten Sie trotzdem auf eine Urheberrechtsverletzung aufmerksam werden,<br \/>bitte ich um einen entsprechenden Hinweis. Bei Bekanntwerden von Rechtsverletzungen werde ich<br \/>derartige Inhalte umgehend entfernen.<br \/>Die Nutzung meiner Webseite ist in der Regel ohne Angabe personenbezogener Daten m\u00f6glich.<br \/>Soweit auf meinen Seiten personenbezogene Daten (beispielsweise Name, Anschrift oder e-Mail-<br \/>Adressen) erhoben werden, erfolgt dies, soweit m\u00f6glich, stets auf freiwilliger Basis. Diese Daten<br \/>werden ohne Ihre ausdr\u00fcckliche Zustimmung nicht an Dritte weitergegeben.<br \/>Wir weisen darauf hin, dass die Daten\u00fcbertragung im Internet (z.B. bei der Kommunikation per E-<br \/>Mail) Sicherheitsl\u00fccken aufweisen kann. Ein l\u00fcckenloser Schutz der Daten vor dem Zugriff durch<br \/>Dritte ist nicht m\u00f6glich.<br \/>Der Nutzung von im Rahmen der Impressumspflicht ver\u00f6ffentlichten Kontaktdaten durch Dritte zur<br \/>\u00dcbersendung von nicht ausdr\u00fccklich angeforderter Werbung und Informationsmaterialien wird<br \/>hiermit ausdr\u00fccklich widersprochen. Die Betreiberin der Seiten beh\u00e4lt sich ausdr\u00fccklich rechtliche<br \/>Schritte im Falle der unverlangten Zusendung von Werbeinformationen, etwa durch Spam-Mails,<br \/>vor.<\/p><h4>Bildnachweise:<\/h4><p>Mockups:<br \/>\u2022<\/p><p>Fotos:<\/p><p>Soweit nicht anders angegeben:<br \/><br \/><a href=\"https:\/\/delicate.photography\/linksammlung?fbclid=PAZXh0bgNhZW0CMTEAAadz0BEaxPFRJfJqdfSOWV3OqAT9AqKZPNaLHpuqOLQRC58SgC6goz52lO045Q_aem_wVlWlhtg3nTZuCjUfm3Mww\">Lisa-Marie Vogel<\/a><br \/><a href=\"https:\/\/www.instagram.com\/delicate.photography\">@delicate.photography<\/a><\/p>\t\t\t\t\t\t\t\t<\/div>\n\t\t\t\t<\/div>\n\t\t\t\t<\/div>\n\t\t\t\t\t<\/div>\n\t\t\t\t<\/div>\n\t\t\t\t<\/div>\n\t\t","protected":false},"excerpt":{"rendered":"<p>Impressum Angaben gem\u00e4\u00df \u00a7 5 TMG Sandra DrewsSteinmetzstra\u00dfe 530163 Hannover Kontakt Telefon: +49 (0) 511 67 68 802E-Mail: sandra.drews@ymail.com Streitschlichtung Die Europ\u00e4ische Kommission stellt eine Plattform zur Online-Streitbeilegung (OS)bereit: https:\/\/ec.europa.eu\/consumers\/odr\/.Meine E-Mail-Adresse finden Sie oben im Impressum.Ich bin nicht bereit oder verpflichtet, an Streitbeilegungsverfahren vor einerVerbraucherschlichtungsstelle teilzunehmen. Haftung f\u00fcr Inhalte Die Inhalte meiner Seiten wurden mit [&hellip;]<\/p>\n","protected":false},"author":1,"featured_media":0,"parent":0,"menu_order":0,"comment_status":"closed","ping_status":"closed","template":"elementor_canvas","meta":{"footnotes":""},"class_list":["post-162","page","type-page","status-publish","hentry"],"_links":{"self":[{"href":"https:\/\/zaertling.de\/index.php?rest_route=\/wp\/v2\/pages\/162"}],"collection":[{"href":"https:\/\/zaertling.de\/index.php?rest_route=\/wp\/v2\/pages"}],"about":[{"href":"https:\/\/zaertling.de\/index.php?rest_route=\/wp\/v2\/types\/page"}],"author":[{"embeddable":true,"href":"https:\/\/zaertling.de\/index.php?rest_route=\/wp\/v2\/users\/1"}],"replies":[{"embeddable":true,"href":"https:\/\/zaertling.de\/index.php?rest_route=%2Fwp%2Fv2%2Fcomments&post=162"}],"version-history":[{"count":25,"href":"https:\/\/zaertling.de\/index.php?rest_route=\/wp\/v2\/pages\/162\/revisions"}],"predecessor-version":[{"id":276,"href":"https:\/\/zaertling.de\/index.php?rest_route=\/wp\/v2\/pages\/162\/revisions\/276"}],"wp:attachment":[{"href":"https:\/\/zaertling.de\/index.php?rest_route=%2Fwp%2Fv2%2Fmedia&parent=162"}],"curies":[{"name":"wp","href":"https:\/\/api.w.org\/{rel}","templated":true}]}}